{"id":12564,"date":"2026-02-26T12:27:05","date_gmt":"2026-02-26T12:27:05","guid":{"rendered":"https:\/\/linen-woodpecker-481158.hostingersite.com\/?page_id=12564"},"modified":"2026-05-14T23:33:09","modified_gmt":"2026-05-14T23:33:09","slug":"mentions-legales","status":"publish","type":"page","link":"https:\/\/brucetrade.com\/en\/mentions-legales\/","title":{"rendered":"Terms of use"},"content":{"rendered":"<div data-elementor-type=\"wp-page\" data-elementor-id=\"12564\" class=\"elementor elementor-12564\">\n\t\t\t\t<div class=\"elementor-element elementor-element-4d8f7c36 e-flex e-con-boxed e-con e-parent\" data-id=\"4d8f7c36\" data-element_type=\"container\" data-e-type=\"container\">\t\t\t<div class=\"e-con-inner\">\n\t\t\t\t<div class=\"elementor-element elementor-element-47a98945 elementor-widget elementor-widget-text-editor\" data-id=\"47a98945\" data-element_type=\"widget\" data-e-type=\"widget\" data-widget_type=\"text-editor.default\">\n\t\t\t\t\t\t\t\t\t<p><span style=\"color: #000000;\"><strong>Terms of use<\/strong><\/span><br \/>Conform\u00e9ment aux dispositions des articles 6-III et 19 de la Loi n\u00b02004-575 du 21 juin 2004 pour la\u00a0 Confiance dans l&#8217;\u00c9conomie Num\u00e9rique (LCEN), il est pr\u00e9cis\u00e9 aux utilisateurs du site \u00a0<a title=\"https:\/\/www.brucetrade.com\/\" href=\"https:\/\/brucetrade.com\/en\/\" target=\"_blank\" rel=\"noreferrer noopener\">www.brucetrade.com<\/a> l\u2019identit\u00e9 des diff\u00e9rents intervenants dans le cadre de sa r\u00e9alisation et de son suivi.<\/p>\n<p><br \/><strong><span style=\"color: #000000;\">\u00c9diteur du site<\/span><\/strong><br \/>BRUCE TRADE<br \/>Soci\u00e9t\u00e9 par Actions Simplifi\u00e9e (SAS)<br \/>Capital social : 50 000 \u20ac<br \/>Si\u00e8ge social : 9 rue du Delta<br \/>Immatricul\u00e9e au RCS de Paris<br \/>SIRET : 803 652 635 00043<br \/>TVA intracommunautaire : FR25803652635<br \/>Directeur de la publication :<br \/>Frederic DARMAGNAC \u2013 Directeur<br \/>Contact :<br \/>contact@brucetrade.com<br \/>01 85 09 66 92<\/p>\n<p><br \/><span style=\"color: #000000;\"><strong>H\u00e9bergement<\/strong><\/span><br \/>Le site est h\u00e9berg\u00e9 par :<br \/>OVHcloud<br \/>Si\u00e8ge social : 2 rue Kellermann \u2013 59100 Roubaix \u2013 France<br \/>T\u00e9l\u00e9phone : 1007 (service client France)<br \/>Site : <a title=\"https:\/\/www.ovhcloud.com\/\" href=\"https:\/\/www.ovhcloud.com\" target=\"_blank\" rel=\"noreferrer noopener\">www.ovhcloud.com<\/a><\/p>\n<p><br \/><span style=\"color: #000000;\"><strong>Propri\u00e9t\u00e9 intellectuelle<\/strong><\/span><br \/>L\u2019ensemble des \u00e9l\u00e9ments pr\u00e9sents sur le site <a title=\"https:\/\/www.brucetrade.com\/\" href=\"https:\/\/brucetrade.com\/en\/\" target=\"_blank\" rel=\"noreferrer noopener\">www.brucetrade.com<\/a> (textes, images, graphismes, logo, structure, etc.) est prot\u00e9g\u00e9 par les dispositions du Code de la propri\u00e9t\u00e9 intellectuelle.<br \/>Toute reproduction, repr\u00e9sentation, modification, publication ou adaptation de tout ou partie des \u00e9l\u00e9ments du site, quel que soit le moyen ou le proc\u00e9d\u00e9 utilis\u00e9, est interdite sans l\u2019autorisation \u00e9crite pr\u00e9alable de BRUCE TRADE.<\/p>\n<p><br \/><strong><span style=\"color: #000000;\">Responsabilit\u00e9<\/span><\/strong><br \/>BRUCE TRADE s\u2019efforce de fournir sur le site des informations aussi pr\u00e9cises que possible. Toutefois,\u00a0<br \/>elle ne pourra \u00eatre tenue responsable des omissions, inexactitudes ou carences dans la mise \u00e0 jour<\/p>\n<p><!-- \/wp:paragraph --><\/p>\t\t\t\t\t\t\t\t<\/div>\n\t\t\t\t\t<\/div>\n\t\t\t\t<\/div>\n\t\t\t\t<\/div>","protected":false},"excerpt":{"rendered":"<p>Mentions l\u00e9galesConform\u00e9ment aux dispositions des articles 6-III et 19 de la Loi n\u00b02004-575 du 21 juin 2004 pour la\u00a0 Confiance dans l&#8217;\u00c9conomie Num\u00e9rique (LCEN), il est pr\u00e9cis\u00e9 aux utilisateurs du site \u00a0www.brucetrade.com l\u2019identit\u00e9 des diff\u00e9rents intervenants dans le cadre de sa r\u00e9alisation et de son suivi. \u00c9diteur du siteBRUCE TRADESoci\u00e9t\u00e9 par Actions Simplifi\u00e9e (SAS)Capital social [&hellip;]<\/p>\n","protected":false},"author":1,"featured_media":0,"parent":0,"menu_order":0,"comment_status":"closed","ping_status":"closed","template":"","meta":{"footnotes":""},"class_list":["post-12564","page","type-page","status-publish","hentry"],"_links":{"self":[{"href":"https:\/\/brucetrade.com\/en\/wp-json\/wp\/v2\/pages\/12564","targetHints":{"allow":["GET"]}}],"collection":[{"href":"https:\/\/brucetrade.com\/en\/wp-json\/wp\/v2\/pages"}],"about":[{"href":"https:\/\/brucetrade.com\/en\/wp-json\/wp\/v2\/types\/page"}],"author":[{"embeddable":true,"href":"https:\/\/brucetrade.com\/en\/wp-json\/wp\/v2\/users\/1"}],"replies":[{"embeddable":true,"href":"https:\/\/brucetrade.com\/en\/wp-json\/wp\/v2\/comments?post=12564"}],"version-history":[{"count":3,"href":"https:\/\/brucetrade.com\/en\/wp-json\/wp\/v2\/pages\/12564\/revisions"}],"predecessor-version":[{"id":15244,"href":"https:\/\/brucetrade.com\/en\/wp-json\/wp\/v2\/pages\/12564\/revisions\/15244"}],"wp:attachment":[{"href":"https:\/\/brucetrade.com\/en\/wp-json\/wp\/v2\/media?parent=12564"}],"curies":[{"name":"wp","href":"https:\/\/api.w.org\/{rel}","templated":true}]}}