{"id":12578,"date":"2026-02-26T12:45:15","date_gmt":"2026-02-26T12:45:15","guid":{"rendered":"https:\/\/linen-woodpecker-481158.hostingersite.com\/?page_id=12578"},"modified":"2026-04-13T15:38:07","modified_gmt":"2026-04-13T15:38:07","slug":"rgpd","status":"publish","type":"page","link":"https:\/\/brucetrade.com\/en\/rgpd\/","title":{"rendered":"RGPD"},"content":{"rendered":"<div data-elementor-type=\"wp-page\" data-elementor-id=\"12578\" class=\"elementor elementor-12578\">\n\t\t\t\t<div class=\"elementor-element elementor-element-6e2ee3f7 e-flex e-con-boxed e-con e-parent\" data-id=\"6e2ee3f7\" data-element_type=\"container\" data-e-type=\"container\">\t\t\t<div class=\"e-con-inner\">\n\t\t\t\t<div class=\"elementor-element elementor-element-2376c512 elementor-widget elementor-widget-text-editor\" data-id=\"2376c512\" data-element_type=\"widget\" data-e-type=\"widget\" data-widget_type=\"text-editor.default\">\n\t\t\t\t\t\t\t\t\t<p>\u00a0<\/p><p>\u00a0<\/p><p>\u00a0<\/p><p>\u00a0<\/p><p><strong><span style=\"color: #000000;\">Politique de confidentialit\u00e9<br \/><\/span><\/strong>La pr\u00e9sente politique de confidentialit\u00e9 a pour objectif d\u2019informer les utilisateurs du site www.brucetrade.com sur la mani\u00e8re dont leurs donn\u00e9es personnelles sont collect\u00e9es et trait\u00e9es.<\/p><p><strong><span style=\"color: #000000;\">1. Responsable du traitement<\/span><\/strong><br \/>Le responsable du traitement est :<br \/><em><strong>BRUCE TRADE<\/strong><\/em><br \/>SAS au capital de 50 000 \u20ac<br \/>Si\u00e8ge social : 9 rue du Delta<br \/>Email : contact@brucetrade.com<\/p><p><strong><span style=\"color: #000000;\">2. Donn\u00e9es collect\u00e9es<\/span><\/strong><br \/>Les donn\u00e9es personnelles suivantes peuvent \u00eatre collect\u00e9es via le formulaire de contact :<br \/>\u2022 Nom<br \/>\u2022 Pr\u00e9nom<br \/>\u2022 Adresse email<br \/>\u2022 Num\u00e9ro de t\u00e9l\u00e9phone<br \/>\u2022 Message<br \/>Aucune cr\u00e9ation de compte ni inscription en ligne n\u2019est propos\u00e9e sur le site.<\/p><p><strong><span style=\"color: #000000;\">3. Finalit\u00e9 du traitement<\/span><\/strong><br \/>Les donn\u00e9es sont collect\u00e9es exclusivement pour :<br \/>\u2022 R\u00e9pondre aux demandes transmises via le formulaire de contact.<\/p><p><strong><span style=\"color: #000000;\">4. Base l\u00e9gale<br \/><\/span><\/strong>Le traitement repose sur :<br \/>\u2022 Le consentement de l\u2019utilisateur lorsqu\u2019il transmet volontairement ses informations via le<br \/>formulaire de contact.<br \/>\u2022 L\u2019int\u00e9r\u00eat l\u00e9gitime de BRUCE TRADE \u00e0 r\u00e9pondre aux sollicitations professionnelles.<\/p><p><strong><span style=\"color: #000000;\">5. Destinataires des donn\u00e9es<br \/><\/span><\/strong>Les donn\u00e9es sont accessibles uniquement :<br \/>\u2022 \u00c0 la direction<br \/>\u2022 \u00c0 l\u2019\u00e9quipe interne habilit\u00e9e<br \/>Elles ne sont ni vendues, ni c\u00e9d\u00e9es \u00e0 des tiers.<\/p><p><strong><span style=\"color: #000000;\">6. H\u00e9bergement et stockage des donn\u00e9es<br \/><\/span><\/strong>Les donn\u00e9es sont h\u00e9berg\u00e9es sur les serveurs d\u2019OVHcloud situ\u00e9s en France (Union Europ\u00e9enne).<\/p><p><strong><span style=\"color: #000000;\">7. Dur\u00e9e de conservation<br \/><\/span><\/strong>Les donn\u00e9es issues du formulaire de contact sont conserv\u00e9es pendant une dur\u00e9e maximale de 36<br \/>mois (3 ans) \u00e0 compter du dernier \u00e9change.<\/p><p><strong><span style=\"color: #000000;\">8. Cookies<br \/><\/span><\/strong>Le site peut utiliser des cookies.<br \/>Un bandeau cookies est mis en place afin de permettre \u00e0 l\u2019utilisateur d\u2019accepter, refuser ou personnaliser l\u2019utilisation des cookies conform\u00e9ment \u00e0 la r\u00e9glementation en vigueur. L\u2019utilisateur peut modifier ses pr\u00e9f\u00e9rences \u00e0 tout moment.<\/p><p><strong><span style=\"color: #000000;\">9. S\u00e9curit\u00e9<br \/><\/span><\/strong>Le site est s\u00e9curis\u00e9 via le protocole HTTPS.<br \/>BRUCE TRADE met en \u0153uvre les mesures techniques et organisationnelles appropri\u00e9es afin degarantir la s\u00e9curit\u00e9 et la confidentialit\u00e9 des donn\u00e9es personnelles.<\/p><p><strong><span style=\"color: #000000;\">10. Droits des utilisateurs<br \/><\/span><\/strong>Conform\u00e9ment au R\u00e8glement G\u00e9n\u00e9ral sur la Protection des Donn\u00e9es (RGPD), vous disposez des droits suivants :<br \/>\u2022 Droit d\u2019acc\u00e8s<br \/>\u2022 Droit de rectification<br \/>\u2022 Droit d\u2019effacement<br \/>\u2022 Droit \u00e0 la limitation du traitement<br \/>\u2022 Droit d\u2019opposition<br \/>Pour exercer ces droits, vous pouvez adresser votre demande \u00e0 :<br \/>contact@brucetrade.com<br \/>Une r\u00e9ponse sera apport\u00e9e dans un d\u00e9lai maximal d\u2019un mois.<\/p><p><!-- \/wp:paragraph --><\/p>\t\t\t\t\t\t\t\t<\/div>\n\t\t\t\t\t<\/div>\n\t\t\t\t<\/div>\n\t\t\t\t<\/div>","protected":false},"excerpt":{"rendered":"<p>\u00a0 \u00a0 \u00a0 \u00a0 Politique de confidentialit\u00e9La pr\u00e9sente politique de confidentialit\u00e9 a pour objectif d\u2019informer les utilisateurs du site www.brucetrade.com sur la mani\u00e8re dont leurs donn\u00e9es personnelles sont collect\u00e9es et trait\u00e9es. 1. Responsable du traitementLe responsable du traitement est :BRUCE TRADESAS au capital de 50 000 \u20acSi\u00e8ge social : 9 rue du DeltaEmail : contact@brucetrade.com [&hellip;]<\/p>\n","protected":false},"author":1,"featured_media":0,"parent":0,"menu_order":0,"comment_status":"closed","ping_status":"closed","template":"","meta":{"footnotes":""},"class_list":["post-12578","page","type-page","status-publish","hentry"],"_links":{"self":[{"href":"https:\/\/brucetrade.com\/en\/wp-json\/wp\/v2\/pages\/12578","targetHints":{"allow":["GET"]}}],"collection":[{"href":"https:\/\/brucetrade.com\/en\/wp-json\/wp\/v2\/pages"}],"about":[{"href":"https:\/\/brucetrade.com\/en\/wp-json\/wp\/v2\/types\/page"}],"author":[{"embeddable":true,"href":"https:\/\/brucetrade.com\/en\/wp-json\/wp\/v2\/users\/1"}],"replies":[{"embeddable":true,"href":"https:\/\/brucetrade.com\/en\/wp-json\/wp\/v2\/comments?post=12578"}],"version-history":[{"count":6,"href":"https:\/\/brucetrade.com\/en\/wp-json\/wp\/v2\/pages\/12578\/revisions"}],"predecessor-version":[{"id":14844,"href":"https:\/\/brucetrade.com\/en\/wp-json\/wp\/v2\/pages\/12578\/revisions\/14844"}],"wp:attachment":[{"href":"https:\/\/brucetrade.com\/en\/wp-json\/wp\/v2\/media?parent=12578"}],"curies":[{"name":"wp","href":"https:\/\/api.w.org\/{rel}","templated":true}]}}